{"id":10917,"date":"2026-01-03T08:58:30","date_gmt":"2026-01-03T08:58:30","guid":{"rendered":"https:\/\/luviaflowers.com\/?post_type=product&#038;p=10917"},"modified":"2026-01-26T09:43:55","modified_gmt":"2026-01-26T09:43:55","slug":"kirmizi-gullu-karisik-cicek-buketi-ayni-gun-teslim","status":"publish","type":"product","link":"https:\/\/luviaflowers.com\/?product=kirmizi-gullu-karisik-cicek-buketi-ayni-gun-teslim","title":{"rendered":"KIRMIZI G\u00dcLL\u00dc KARI\u015eIK \u00c7\u0130\u00c7EK BUKET\u0130 &#8211; AYNI G\u00dcN TESL\u0130M"},"content":{"rendered":"<p>\u00d6zel tasar\u0131m k\u0131rm\u0131z\u0131 g\u00fcll\u00fc kar\u0131\u015f\u0131k \u00e7i\u00e7ek buketi; sevgiliye, do\u011fum g\u00fcn\u00fcne ve \u00f6zel anlara uygun, ayn\u0131 g\u00fcn teslim imkan\u0131<\/p>\n","protected":false},"excerpt":{"rendered":"<p>k\u0131rm\u0131z\u0131 g\u00fcller ve mevsim \u00e7i\u00e7ekleriyle haz\u0131rlanan kar\u0131\u015f\u0131k \u00e7i\u00e7ek buketi, \u015f\u0131k tasar\u0131m\u0131yla sevdiklerinize \u00f6zel bir hediye sunar.<\/p>\n<p>Ayn\u0131 \u00fcn teslim.<\/p>\n","protected":false},"featured_media":10918,"template":"","meta":{"postBodyCss":"","postBodyMargin":[],"postBodyPadding":[],"postBodyBackground":{"backgroundType":"classic","gradient":""}},"product_brand":[],"product_cat":[15,98,101,121,112,100,109,99,102,134,113,106,110,126,107],"product_tag":[135],"class_list":{"0":"post-10917","1":"product","2":"type-product","3":"status-publish","4":"has-post-thumbnail","6":"product_cat-genel","7":"product_cat-ayni-gun-teslim","8":"product_cat-buketler","9":"product_cat-butik-buketler","10":"product_cat-diger-buketler","11":"product_cat-dogum-gunu","12":"product_cat-gecmis-olsun","13":"product_cat-gonderim-amaci","14":"product_cat-gul-buketleri","15":"product_cat-hayirli-olsun","16":"product_cat-premium-buketler","17":"product_cat-tasarim-cicekler","18":"product_cat-tebrik","19":"product_cat-tum-urunlerimiz","20":"product_cat-yil-donumu","21":"product_tag-cicek-flower-love-buket-aranjman-en-yakin-cicekci-cicek","23":"first","24":"instock","25":"shipping-taxable","26":"purchasable","27":"product-type-simple"},"_links":{"self":[{"href":"https:\/\/luviaflowers.com\/index.php?rest_route=\/wp\/v2\/product\/10917","targetHints":{"allow":["GET"]}}],"collection":[{"href":"https:\/\/luviaflowers.com\/index.php?rest_route=\/wp\/v2\/product"}],"about":[{"href":"https:\/\/luviaflowers.com\/index.php?rest_route=\/wp\/v2\/types\/product"}],"wp:featuredmedia":[{"embeddable":true,"href":"https:\/\/luviaflowers.com\/index.php?rest_route=\/wp\/v2\/media\/10918"}],"wp:attachment":[{"href":"https:\/\/luviaflowers.com\/index.php?rest_route=%2Fwp%2Fv2%2Fmedia&parent=10917"}],"wp:term":[{"taxonomy":"product_brand","embeddable":true,"href":"https:\/\/luviaflowers.com\/index.php?rest_route=%2Fwp%2Fv2%2Fproduct_brand&post=10917"},{"taxonomy":"product_cat","embeddable":true,"href":"https:\/\/luviaflowers.com\/index.php?rest_route=%2Fwp%2Fv2%2Fproduct_cat&post=10917"},{"taxonomy":"product_tag","embeddable":true,"href":"https:\/\/luviaflowers.com\/index.php?rest_route=%2Fwp%2Fv2%2Fproduct_tag&post=10917"}],"curies":[{"name":"wp","href":"https:\/\/api.w.org\/{rel}","templated":true}]}}